{"id":19,"date":"2017-07-19T14:52:45","date_gmt":"2017-07-19T12:52:45","guid":{"rendered":"http:\/\/bbcq.fr\/frformation\/?page_id=19"},"modified":"2022-06-07T16:45:38","modified_gmt":"2022-06-07T14:45:38","slug":"formation","status":"publish","type":"page","link":"https:\/\/bbcq.fr\/frformation\/","title":{"rendered":"Formation"},"content":{"rendered":"<p class=\"entry-title\"><strong><span style=\"color: #ff6600\">Usages du Web, <\/span><\/strong><\/p>\n<p class=\"entry-title\"><strong><span style=\"color: #ff6600\">utilisation des r\u00e9seaux sociaux<\/span><\/strong><strong><span style=\"color: #ff6600\">, <\/span><\/strong><\/p>\n<p class=\"entry-title\"><strong><span style=\"color: #ff6600\">analytics, <\/span><\/strong><\/p>\n<p class=\"entry-title\"><strong><span style=\"color: #ff6600\">poste de travail Linux, <\/span><\/strong><\/p>\n<p class=\"entry-title\"><strong><span style=\"color: #ff6600\">sont nos th\u00e8mes p\u00e9f\u00e9r\u00e9s.<\/span><\/strong><\/p>\n<div class=\"entry-content\">\n<p><span style=\"color: #993300\">Nous sommes \u00e0 l&rsquo;\u00e9coute des besoins particuliers de votre environnement et attentifs \u00e0 vos centres d\u2019int\u00e9r\u00eat, parlons-en !<\/span><\/p>\n<\/div>\n","protected":false},"excerpt":{"rendered":"<p>Usages du Web, utilisation des r\u00e9seaux sociaux, analytics, poste de travail Linux, sont nos th\u00e8mes p\u00e9f\u00e9r\u00e9s. Nous sommes \u00e0 l&rsquo;\u00e9coute des besoins particuliers de votre environnement et attentifs \u00e0 vos centres d\u2019int\u00e9r\u00eat, parlons-en !<\/p>\n","protected":false},"author":1,"featured_media":0,"parent":0,"menu_order":0,"comment_status":"closed","ping_status":"closed","template":"","meta":{"footnotes":""},"_links":{"self":[{"href":"https:\/\/bbcq.fr\/frformation\/wp-json\/wp\/v2\/pages\/19"}],"collection":[{"href":"https:\/\/bbcq.fr\/frformation\/wp-json\/wp\/v2\/pages"}],"about":[{"href":"https:\/\/bbcq.fr\/frformation\/wp-json\/wp\/v2\/types\/page"}],"author":[{"embeddable":true,"href":"https:\/\/bbcq.fr\/frformation\/wp-json\/wp\/v2\/users\/1"}],"replies":[{"embeddable":true,"href":"https:\/\/bbcq.fr\/frformation\/wp-json\/wp\/v2\/comments?post=19"}],"version-history":[{"count":14,"href":"https:\/\/bbcq.fr\/frformation\/wp-json\/wp\/v2\/pages\/19\/revisions"}],"predecessor-version":[{"id":88,"href":"https:\/\/bbcq.fr\/frformation\/wp-json\/wp\/v2\/pages\/19\/revisions\/88"}],"wp:attachment":[{"href":"https:\/\/bbcq.fr\/frformation\/wp-json\/wp\/v2\/media?parent=19"}],"curies":[{"name":"wp","href":"https:\/\/api.w.org\/{rel}","templated":true}]}}